{"id":325,"date":"2025-04-04T10:22:19","date_gmt":"2025-04-04T10:22:19","guid":{"rendered":"http:\/\/dogtails.elwutz.de\/?page_id=325"},"modified":"2025-06-06T14:59:52","modified_gmt":"2025-06-06T14:59:52","slug":"joe-der-staff","status":"publish","type":"page","link":"http:\/\/dogtails.elwutz.de\/?page_id=325","title":{"rendered":"&#8222;Joe, der Staff&#8220;"},"content":{"rendered":"\n<p><\/p>\n\n\n\n<p>Hier wird die Geschichte von Joe erz\u00e4hlt. Nein, nicht aus Spenden- oder Mitleidsgr\u00fcnden. Warum also? Nun, weil es nicht immer nur furchtbare Dramen gibt, oder \u00fcbergl\u00fcckliche Katzenkittens mit Sensationsbonus. Die Seite besch\u00e4ftigt sich mit Tales, also mit Geschichten rund um den Hund. Hier wird Joes Geschichte erz\u00e4hlt.<\/p>\n\n\n\n<p>Aller Anfang ist schwer. So erging es auch Joe. Herkunft und Haltung von Joe ist quasi bis irgendwann Ende 2023\/Anfang 2024 mehr oder weniger unbekannt. Bekannt war nur der dazumal letzte Halter, der aber kein Halter sein durfte. <\/p>\n\n\n\n<p>Unweigerlich folgte f\u00fcr Joe also das Tierheim. Ob das gut f\u00fcr Joe war, kann ich nicht beurteilen, aber es war gut f\u00fcr uns beide. Dort lernten wir uns kennen. Zufall, Schicksal, ich glaube an sowas nicht. Eigentlich war ich im TH, weil noch Fragen zu kl\u00e4ren waren bez\u00fcglich eines Herdensch\u00fctzerseminars. Dabei lief mir die, ich finde wunderbare, Hundetrainerin des THs mit Joe an der Leine quasi \u00fcber die F\u00fc\u00dfe. Dank meiner Vorbildung wollte ich eigentlich einen Problemhund irgendwann mal zu meiner Bulldogge aufnehmen, aber da war Joe.<\/p>\n\n\n\n<p>Schockverliebt ist das richtige Wort. Ich habe sofort gesagt, packt mir den sofort ein, Schleife drum, den nehme ich ihn mit! Ich war und bin verliebt! Brauch sich jetzt niemand aufzuregen, nat\u00fcrlich ging es auch bei mir: den normalen Weg! Also gings los: Lola (meine Bulldogge) es geht los zum TH. Hund dabei, Frau dabei, Kind dabei, und ab. <\/p>\n\n\n\n<p>Er ist jetzt ungef\u00e4hr ein Jahr bei mir. <\/p>\n\n\n\n<p>Das war der Trailer, wer mehr Bock hat Joes Geschichte zu folgen, bitte schreibt mir, ohne Leser macht kein Buch Sinn. <\/p>\n\n\n\n<p>Liebe Gr\u00fc\u00dfe Willy<\/p>\n\n\n\n<p><\/p>\n\n\n\n<h2 class=\"wp-block-heading\">Joe kommt nach Hause!<\/h2>\n\n\n\n<p><\/p>\n\n\n\n<figure class=\"wp-block-image size-full\"><img loading=\"lazy\" decoding=\"async\" width=\"1024\" height=\"683\" src=\"http:\/\/dogtails.elwutz.de\/wp-content\/uploads\/2025\/04\/Joe-6.jpg\" alt=\"\" class=\"wp-image-330\" srcset=\"http:\/\/dogtails.elwutz.de\/wp-content\/uploads\/2025\/04\/Joe-6.jpg 1024w, http:\/\/dogtails.elwutz.de\/wp-content\/uploads\/2025\/04\/Joe-6-300x200.jpg 300w, http:\/\/dogtails.elwutz.de\/wp-content\/uploads\/2025\/04\/Joe-6-768x512.jpg 768w\" sizes=\"auto, (max-width: 709px) 85vw, (max-width: 909px) 67vw, (max-width: 1362px) 62vw, 840px\" \/><\/figure>\n\n\n\n<p><\/p>\n\n\n\n<p>Das Licht der Welt erblickte Joe im September 2022. Nun hatten wir April 2024. F\u00fcr seine gut eineinhalb Jahre hatte der kleine Mann also schon eine turbulente Geschichte hinter sich. Ich machte mir also so meine Gedanken, wie sich seine Geschichte auf seinen Charakter ausgewirkt hat. <\/p>\n\n\n\n<p>Ein Tierheim kann noch so gut arbeiten, aber ich denke, dass jeder sich im Klaren dar\u00fcber ist, dass ein TH niemals eine Familie ersetzen kann. Auch zeigt ein Hund nat\u00fcrlich nicht sein allt\u00e4gliches Verhalten, wenn man ihm im TH besucht oder kurze Ausfl\u00fcge mit ihm macht. Auch lie\u00dfen die Geschichten um sein Vorleben jetzt nicht unbedingt auf einen harmonischen, beh\u00fcteten Familienalltag schlie\u00dfen. Ich wollte mir also eine Strategie \u00fcberlegen, welche es Joe besonders leicht macht einen Einstieg in seine neue Familie zu finden. Doch je l\u00e4nger ich \u00fcber Strategien nachdachte, um so \u00f6fter verwarf ich sie wieder. <\/p>\n\n\n\n<p>Ich ging also erstmal davon aus, wie er sich bei unseren Treffen zeigte.  Das war auch genau richtig so, davon aber sp\u00e4ter mehr. Bei unseren Treffen zeigte sich Joe sehr entspannt, aufgeschlossen anderen Hunden gegen\u00fcber und sehr menschenbezogen. Zwar ein wenig grobmotorisch, aber immer deeskalierend, wenn er auf die grantige Lola traf. Apropos Lola, mein zweij\u00e4hriges OEB M\u00e4dchen w\u00fcrde wohl eh seine gr\u00f6\u00dfte H\u00fcrde auf den Weg zur Integration in unsere Familie sein. Lola, wie oben geschrieben, kann schon mal grantig werden, wenn ein Artgenosse nicht so will, wie sie sich das denkt. Im Herzen ein liebes M\u00e4dchen, aber vielleicht nicht immer mit dem Hundeknigge unterwegs. Das Grobmotorische war und ist jedoch das verbindende Element zwischen den beiden. Meine Nachbarn denken auch heute noch an Hundek\u00e4mpfe, wenn die beiden im Garten miteinander spielen. Auch sollte man als Mensch dann lieber aus dem Weg gehen, um blaue Flecken und andere Blessuren zu vermeiden. Aber das wei\u00df man ja dann auch sehr schnell, oder macht halt Erfahrungen.<\/p>\n\n\n\n<p>Da aber auch einem Hundetrainer &#8222;solche&#8220; Hunde nicht in Hundertschaften \u00fcber den Weg laufen, macht man sich im Vorfeld der Adoption rassekundig. Laut Veterin\u00e4ramt ist Joe ein Pitbull-Mix. Na, da ists ja schon vorbei mit der Rassekunde. Pitbull und dann auch noch Mix kann ja alles sein. Naja, Dackel und Zentralasiate mal ausgenommen. Ich schaute mir Joe daher genauer an und kam zu dem Schluss, dass er ein Staffordshire Bullterrier, kurz SBT, ist. In der nordrheinwestf\u00e4lischen Rasseliste machte diese Erkenntnis aber keinen Unterschied. Gar nicht sooo weit weg vom Pitbull-Mix, aber doch weit weg. Zumindest konnte ich nun einige Rasseportraits studieren und schonmal \u00fcber &#8222;Konsequenz&#8220; nachdenken. \u00dcberall tauchte immer wieder der bl\u00f6dsinnige Satz auf: &#8222;&#8230; ben\u00f6tigen konsequente, aber liebevolle Erziehung!&#8220; Naja, wenn jeder von uns diesen dummen Satz spezifizieren sollte, k\u00e4men wohl ganz viele unterschiedliche Interpretationen raus. Also, Rasse eingegrenzt, Literatur in die Tonne gekloppt und den gesunden Menschenverstand eingeschaltet. So wirds schon gehen. <\/p>\n\n\n\n<p>Nach den H\u00fcrden der deutschen Ordnungsgesellschaft, ist ja schlie\u00dflich eine \u00a73 Hund, konnte nun endlich die Familienzusammenf\u00fchrung starten. Einen Satz \u00fcber die \u00a73 Hunde m\u00f6chte ich kurz dazwischen schieben. \u00a73 Hunde, sind Hunde, von denen, allein durch ihre Rassezugeh\u00f6rigkeit, eine Gefahr f\u00fcr die Gesellschaft ausgeht. Liest man nur den Gesetzestext denkt man, es ist kein Hund, es ist ein Monster. Kommen dann auch noch die H\u00fcrden bei der Adoption und die horrende Hundesteuer dazu, ist es ganz klar, dass unsere Tierheime keine Familien mehr f\u00fcr diese Hunde finden. Aber das ist ein anderes Thema.<\/p>\n\n\n\n<p>Bei dem Wort &#8222;Vergesellschaftung&#8220; muss ich schon zwanghaft an irgendeine Folge von Martin R\u00fctters Hundeprofi denken. Gef\u00fchlt kommt diese Thematik in jeder Folge vor. Also spukt das auch bei mir im Kopf herum. Sowas wie, &#8230; auf neutralem Gel\u00e4nde beim Spaziergang und so weiter. Naja, sp\u00e4testens wenn ich einen Herdensch\u00fctzer, der sich auch benimmt wie ein Herdensch\u00fctzer, klarmachen m\u00f6chte, dass das so klappt, habe ich ein Problem. Ich hatte mal son Typen. Siddybaby, der hatte ein klares Grundkonzept: Alles was ich sofort t\u00f6te, kann meinen Leuten nicht mehr gef\u00e4hrlich werden. Wenn man sich das mal genauer \u00fcberlegt, macht das ja auch wirklich Sinn. Zumindest ist dieses Konzept f\u00fcr jeden nachvollziehbar und nicht besonders schwer zu verstehen. Was passiert also mit dem Kollegen, der uns jetzt da irgendwo begleiten will? Richtig! Also, das sollte ich vielleicht bleiben lassen. Jetzt bin ich ja ein einfallsreicher Mensch. Wenn nicht so, wie denn dann? Ich habe mir ein Gitter besorgt, son Ding, was man in einen T\u00fcrrahmen montiert. Aber ein stabiles Teil, nicht so ein Babydings, das ist f\u00fcr einen 50kg Hund nicht wirklich ein Hindernis. Maulkorb an, Gitter zu und rein in die Vollen. Passt, Siddybaby hat begriffen, der andere geh\u00f6rt ins Team und wir daher nicht gefressen. Hat keine halbe Stunde gedauert, denn dumm sind sie ja nicht. Adriano Celentano hat mal gesagt: &#8222;Mit Tieren zu reden macht immer irgendeinen Sinn, denn es sind ja schlie\u00dflich keine Menschen.&#8220; Sorry, ich drifte etwas ab, Siddybaby ist ja nun leider schon verstorben, so hatte es Joe nur mit der grantigen Lola zu tun. Lola ist da einfacher zu h\u00e4ndeln, weil sie nicht in jedem Artgenossen einen potentiellen Erzfeind sieht. Aber auch bei den beiden war es spannend. Erste Treffen im Tierheim, dann im Garten und sp\u00e4ter ab ins Haus. Keine Probleme, v\u00f6llig unn\u00f6tigerweise Sorgen gemacht.<\/p>\n\n\n\n<figure class=\"wp-block-image size-full\"><img loading=\"lazy\" decoding=\"async\" width=\"1024\" height=\"768\" src=\"http:\/\/dogtails.elwutz.de\/wp-content\/uploads\/2025\/04\/JuL-7-1.jpg\" alt=\"\" class=\"wp-image-334\" srcset=\"http:\/\/dogtails.elwutz.de\/wp-content\/uploads\/2025\/04\/JuL-7-1.jpg 1024w, http:\/\/dogtails.elwutz.de\/wp-content\/uploads\/2025\/04\/JuL-7-1-300x225.jpg 300w, http:\/\/dogtails.elwutz.de\/wp-content\/uploads\/2025\/04\/JuL-7-1-768x576.jpg 768w\" sizes=\"auto, (max-width: 709px) 85vw, (max-width: 909px) 67vw, (max-width: 1362px) 62vw, 840px\" \/><\/figure>\n\n\n\n<p>Immer wenn ich das Bild sehe, denke ich an meine Kindergartenzeit. Wir haben oft gesungen: &#8222;H\u00e4nsel und Gretel verliefen sich im Wald. Es war so &#8230;&#8220;.  <\/p>\n\n\n\n<p>To be continued!!!!<\/p>\n\n\n\n<p><\/p>\n\n\n\n<p class=\"has-medium-font-size\"><strong>Ein Kuss auf die Nase!<\/strong><\/p>\n\n\n\n<p>Hunde lieben das! Nein, was ein Quatsch, aber &#8230; ich! Wenn ich bei all meinen Verr\u00fcckten eine Gemeinsamkeit benennen sollte, dann sind es &#8222;unsere&#8220; intimen Zeiten. Egal wie einer von uns drauf war und ist, ja, auch ich bin nicht immer gut gelaunt, dann finden wir uns. Ein f\u00fcr mich sehr probates Mittel ist: Der Kuss auf die Nase! Vielleicht nicht f\u00fcr jedermann, aber ich f\u00fchle mich einfach besser, wenn ich den Fellkopf in die H\u00e4nde nehme und ihm einen dicken Kuss auf die feuchte Nase dr\u00fccken kann. Dann f\u00fchle ich mich gut und sag einfach &#8222;Danke!&#8220;.  Die Hunde, also jetzt speziell Lola und Joe fordern dies auch ein. Nein, nicht den Kuss auf die Nase, aber auf meinen Scho\u00df zu krabbeln, oder wie jetzt, zu huckeln und mich vom Schreiben abzuhalten. <\/p>\n\n\n\n<p>15 Minuten sp\u00e4ter! Ja, diese Zeit muss sein. Man kann sie nicht planen oder vorhersagen, aber das geh\u00f6rt zu einer Beziehung dazu. Jetzt legt sich das Vieh auch noch auf meine F\u00fc\u00dfe! Unbequem, aber er zeigt mir Liebe, also halte ich das aus, bis die F\u00fc\u00dfe schmerzen. Warum nicht? Ich lerne im Fernsehen, in der Hundeschule so viel, \u00fcber Unterordnung, \u00fcber Training, \u00fcber Dominanz und wahrscheinlich noch unsagbar mehr Quatsch..Warum sage ich sowas? Naja, darf jeder probieren mit einem Staffy, einem Kangal oder \u00c4hnlichem. Das funktioniert n\u00e4mlich nicht. Jetzt kann man mit Ausnahmen kommen, ok, aber ist nicht die Regel. Ich selbst bin ein Verhaltensbiologe, ich mag die genetischen Dinge nicht, aber, manchmal muss auch ich sagen, dass die Genetik nicht als Solches v\u00f6llig versagt. <\/p>\n\n\n\n<p class=\"has-small-font-size\">Da simmer wieder! Keinen Schritt weiter? Doch, wir \u00fcberlegen kurz \u00fcber den Kuss. Warum ist der nicht nur f\u00fcr mich wichtig? Falls jetzt jemand behauptet, der Hund sei noch nicht erforscht, dann wei\u00df ich auch nicht weiter. Der Hund ist das best erforschte Wesen, nach dem Menschen nat\u00fcrlich, auf dieser Welt.<\/p>\n\n\n\n<p class=\"has-small-font-size\"><strong> Warum f\u00fcr viele noch ein Mysterium<\/strong><\/p>\n\n\n\n<p class=\"has-small-font-size\">?????????????????????????<\/p>\n\n\n\n<p><\/p>\n","protected":false},"excerpt":{"rendered":"<p>Hier wird die Geschichte von Joe erz\u00e4hlt. Nein, nicht aus Spenden- oder Mitleidsgr\u00fcnden. Warum also? Nun, weil es nicht immer nur furchtbare Dramen gibt, oder \u00fcbergl\u00fcckliche Katzenkittens mit Sensationsbonus. Die Seite besch\u00e4ftigt sich mit Tales, also mit Geschichten rund um den Hund. Hier wird Joes Geschichte erz\u00e4hlt. Aller Anfang ist schwer. So erging es auch &hellip; <a href=\"http:\/\/dogtails.elwutz.de\/?page_id=325\" class=\"more-link\"><span class=\"screen-reader-text\">\u201e&#8222;Joe, der Staff&#8220;\u201c<\/span> weiterlesen<\/a><\/p>\n","protected":false},"author":1,"featured_media":294,"parent":0,"menu_order":0,"comment_status":"closed","ping_status":"closed","template":"","meta":{"footnotes":""},"class_list":["post-325","page","type-page","status-publish","has-post-thumbnail","hentry"],"_links":{"self":[{"href":"http:\/\/dogtails.elwutz.de\/index.php?rest_route=\/wp\/v2\/pages\/325","targetHints":{"allow":["GET"]}}],"collection":[{"href":"http:\/\/dogtails.elwutz.de\/index.php?rest_route=\/wp\/v2\/pages"}],"about":[{"href":"http:\/\/dogtails.elwutz.de\/index.php?rest_route=\/wp\/v2\/types\/page"}],"author":[{"embeddable":true,"href":"http:\/\/dogtails.elwutz.de\/index.php?rest_route=\/wp\/v2\/users\/1"}],"replies":[{"embeddable":true,"href":"http:\/\/dogtails.elwutz.de\/index.php?rest_route=%2Fwp%2Fv2%2Fcomments&post=325"}],"version-history":[{"count":10,"href":"http:\/\/dogtails.elwutz.de\/index.php?rest_route=\/wp\/v2\/pages\/325\/revisions"}],"predecessor-version":[{"id":349,"href":"http:\/\/dogtails.elwutz.de\/index.php?rest_route=\/wp\/v2\/pages\/325\/revisions\/349"}],"wp:featuredmedia":[{"embeddable":true,"href":"http:\/\/dogtails.elwutz.de\/index.php?rest_route=\/wp\/v2\/media\/294"}],"wp:attachment":[{"href":"http:\/\/dogtails.elwutz.de\/index.php?rest_route=%2Fwp%2Fv2%2Fmedia&parent=325"}],"curies":[{"name":"wp","href":"https:\/\/api.w.org\/{rel}","templated":true}]}}