{"id":58,"date":"2019-05-22T16:34:52","date_gmt":"2019-05-22T16:34:52","guid":{"rendered":"http:\/\/dogtails.elwutz.de\/?page_id=58"},"modified":"2019-05-22T16:34:52","modified_gmt":"2019-05-22T16:34:52","slug":"was-macht-eigentlich-ein-tier-bzw-hundepsychologe","status":"publish","type":"page","link":"http:\/\/dogtails.elwutz.de\/?page_id=58","title":{"rendered":"Was macht eigentlich ein Tier- bzw. Hundepsychologe?"},"content":{"rendered":"\n<p>Diese Frage ist erstmal ganz einfach zu beantworten: Er oder Sie beobachtet!<\/p>\n\n\n\n<p>Die Antwort wirft jedoch eine Menge anderer Fragen auf. Daher m\u00f6chte ich ein wenig ausholen um ein Verst\u00e4ndnis f\u00fcr die Arbeit eines Hundepsychologen bzw. einer Hundepsychologin zu erreichen. Im Studium lernt der angehende Tierpsychologe (im Weteren verzichte ich um Langeweile zu vermeiden auf die jeweils weibliche Form, ganz ohne sexistische Gedanken zu haben) das Beobachten. Um beobachten zu k\u00f6nnen, ist es jedoch unerl\u00e4sslich fundierte Kenntnisse \u00fcber die Anatomie und das Verhalten, im biologischen Sinne, des zu beobachteten Tieres zu haben. Zum Beispiel lernt der Tierpsychologe, dass V\u00f6gel nicht singen, weil ihnen danach ist oder den Menschen eine Freude bereiten wollen. Ihre Kommunikation hat immer Gr\u00fcnde, etwa Balz, Territorialverhalten oder Beziehungsarbeit, ganz sich nicht um die sie umgebenden Menschen zu begl\u00fccken. Hunde bei\u00dfen, ganz sicher nicht um m\u00f6glichst schnell auf einer Liste zu erscheinen, sondern finden wir auch hier manigfaltige Begr\u00fcndungen. <\/p>\n\n\n\n<p>So simpel und nachvollziehbar oben Geschildertes auch ist, so schwierig und verantwortungsvoll sollte es aber sein. Stellen Sie sich eine Fehldiagnose beim Auto vor! Im besten Fall kostet es dem Halter viel Geld, im schlimmsten Fall aber, ist seine Sicherheit gef\u00e4hrdet. Denken wir aber einen Moment positiv und sagen, die Beobachtung (Anamnese) ist verantwortungsvoll geschehen. Dann m\u00fcssen L\u00f6sungen gefunden werden, welche das harmonische Zusammenleben zwischen Halter und Tier wiederherstellen. Selbstverst\u00e4ndlich sind Tiere Lebewesen, wie wir Menschen, d. h. es wird kein Patentrezept geben k\u00f6nnen, sondern vielmehr L\u00f6sungsans\u00e4tze, welche sich konkret auf Halter und Tier ergeben.  Denken Sie in dem Zusammenhang nur mal an Ihren Partner oder Ihre Partnerin. Es gibt Erwartungen, Bed\u00fcrfnisse und Hoffnungen, welche erf\u00fcllt werden sollen. Kein Mensch m\u00f6chte den einmal lieb gewonnenen Partner eintauschen, aber alle haben Erwartungen, alle sind Individuen. Beim Menschen f\u00e4llt uns dieser Gedanke einfach und alle werden selbstverst\u00e4ndlich bejahen, dass jeder Mensch ein Einzelst\u00fcck ist. Beim Tier ist es oftmals leider nicht so, sie sollen prim\u00e4r funktionieren. Vergessen wird, dass wir es bei unseren Haustieren mit hoch entwickelten S\u00e4ugern zu tun haben, welche auch individualistische Z\u00fcge haben. Jeder Hund ist anders. Meist wollen wir das ja auch so. Menschen kaufen sich eine Bulldogge um ihr ruhiges, loyales Wesen zu genie\u00dfen. Andere Mensch kaufen sich einen Retriver um seine Erlebniswelt mit der eigenen zu verbinden.<\/p>\n\n\n\n<p>Klar ist dementsprechend, dass die Verkn\u00fcpfungen zwischen Mensch und Tier sehr vielf\u00e4ltig sind. Diese zu erkennen, besprechen und Vorschl\u00e4ge zur Optimierung anzubieten, dies sind die ureigensten Aufgaben eines Tierpsychologen. Dabei die Umwelt, die Genetik, die Anspr\u00fcche und W\u00fcnsche zu ber\u00fccksichtigen sind weitere Faktoren, welche der Tierpsychologe bedenkt. <\/p>\n\n\n\n<p>Ich hoffe, dass ich mit dem kurzen Beitrag, dem geneigten Leser die Arbeit von Tierpsychologen etwas transparenter gemacht habe. Bewusst nicht gennat habe ich Emotionen und den Begriff Erziehung. Diese Themen sollten gesondert besprochen werden.<\/p>\n\n\n\n<p>Herzliche Gr\u00fc\u00dfe und Dank f\u00fcr Ihr Interesse!<\/p>\n\n\n\n<p>Willy Schulze<\/p>\n\n\n\n<p> <\/p>\n","protected":false},"excerpt":{"rendered":"<p>Diese Frage ist erstmal ganz einfach zu beantworten: Er oder Sie beobachtet! Die Antwort wirft jedoch eine Menge anderer Fragen auf. Daher m\u00f6chte ich ein wenig ausholen um ein Verst\u00e4ndnis f\u00fcr die Arbeit eines Hundepsychologen bzw. einer Hundepsychologin zu erreichen. Im Studium lernt der angehende Tierpsychologe (im Weteren verzichte ich um Langeweile zu vermeiden auf &hellip; <a href=\"http:\/\/dogtails.elwutz.de\/?page_id=58\" class=\"more-link\"><span class=\"screen-reader-text\">\u201eWas macht eigentlich ein Tier- bzw. Hundepsychologe?\u201c<\/span> weiterlesen<\/a><\/p>\n","protected":false},"author":1,"featured_media":0,"parent":0,"menu_order":0,"comment_status":"closed","ping_status":"closed","template":"","meta":{"footnotes":""},"class_list":["post-58","page","type-page","status-publish","hentry"],"_links":{"self":[{"href":"http:\/\/dogtails.elwutz.de\/index.php?rest_route=\/wp\/v2\/pages\/58","targetHints":{"allow":["GET"]}}],"collection":[{"href":"http:\/\/dogtails.elwutz.de\/index.php?rest_route=\/wp\/v2\/pages"}],"about":[{"href":"http:\/\/dogtails.elwutz.de\/index.php?rest_route=\/wp\/v2\/types\/page"}],"author":[{"embeddable":true,"href":"http:\/\/dogtails.elwutz.de\/index.php?rest_route=\/wp\/v2\/users\/1"}],"replies":[{"embeddable":true,"href":"http:\/\/dogtails.elwutz.de\/index.php?rest_route=%2Fwp%2Fv2%2Fcomments&post=58"}],"version-history":[{"count":1,"href":"http:\/\/dogtails.elwutz.de\/index.php?rest_route=\/wp\/v2\/pages\/58\/revisions"}],"predecessor-version":[{"id":59,"href":"http:\/\/dogtails.elwutz.de\/index.php?rest_route=\/wp\/v2\/pages\/58\/revisions\/59"}],"wp:attachment":[{"href":"http:\/\/dogtails.elwutz.de\/index.php?rest_route=%2Fwp%2Fv2%2Fmedia&parent=58"}],"curies":[{"name":"wp","href":"https:\/\/api.w.org\/{rel}","templated":true}]}}